{"id":8214,"date":"2022-03-10T22:04:25","date_gmt":"2022-03-10T22:04:25","guid":{"rendered":"https:\/\/viverosdechile.cl\/plantsfromchile\/?page_id=8214"},"modified":"2022-04-27T14:32:48","modified_gmt":"2022-04-27T14:32:48","slug":"cerezo","status":"publish","type":"page","link":"https:\/\/viverosdechile.cl\/plantsfromchile\/cerezo\/","title":{"rendered":"Cerezo"},"content":{"rendered":"\n\n  <div class=\"banner has-hover has-parallax\" id=\"banner-1794660990\">\n          <div class=\"banner-inner fill\">\n        <div class=\"banner-bg fill\" data-parallax=\"-8\" data-parallax-container=\".banner\" data-parallax-background>\n            <div class=\"bg fill bg-fill \"><\/div>\n                        <div class=\"overlay\"><\/div>            \n                    <\/div>\n        <div class=\"banner-layers container\">\n            <div class=\"fill banner-link\"><\/div>            \n\n   <div id=\"text-box-280603205\" class=\"text-box banner-layer x50 md-x50 lg-x50 y50 md-y50 lg-y50 res-text\">\n                                <div class=\"text-box-content text dark\">\n              \n              <div class=\"text-inner text-center\">\n                  \n\n\t<div id=\"text-3118405608\" class=\"text\">\n\t\t\n\n<h3><strong>Cerezo<\/strong><\/h3>\n\t\t\n<style>\n#text-3118405608 {\n  font-size: 1rem;\n  color: rgb(255, 255, 255);\n}\n#text-3118405608 > * {\n  color: rgb(255, 255, 255);\n}\n@media (min-width:550px) {\n  #text-3118405608 {\n    font-size: 1.5rem;\n  }\n}\n<\/style>\n\t<\/div>\n\t\n<div class=\"is-divider divider clearfix\" style=\"max-width:67px;height:6px;background-color:rgb(255, 255, 255);\"><\/div>\n\n\n              <\/div>\n           <\/div>\n                            \n<style>\n#text-box-280603205 {\n  width: 60%;\n}\n#text-box-280603205 .text-box-content {\n  font-size: 100%;\n}\n<\/style>\n    <\/div>\n \n\n        <\/div>\n      <\/div>\n\n            \n<style>\n#banner-1794660990 {\n  padding-top: 229px;\n}\n#banner-1794660990 .bg.bg-loaded {\n  background-image: url(https:\/\/viverosdechile.cl\/plantsfromchile\/wp-content\/uploads\/2022\/03\/header-cerezo-800x800.jpeg);\n}\n#banner-1794660990 .overlay {\n  background-color: rgba(0, 0, 0, 0.576);\n}\n#banner-1794660990 .bg {\n  background-position: 49% 24%;\n}\n<\/style>\n  <\/div>\n\n\n\t<section class=\"section\" id=\"section_1236746420\">\n\t\t<div class=\"bg section-bg fill bg-fill  bg-loaded\" >\n\n\t\t\t\n\t\t\t\n\t\t\t\n\n\t\t<\/div>\n\n\t\t<div class=\"section-content relative\">\n\t\t\t\n\n<div class=\"row\"  id=\"row-955606708\">\n\n\n\t<div id=\"col-51867248\" class=\"col small-12 large-12\"  >\n\t\t<div class=\"col-inner\"  >\n\t\t\t\n\t\t\t\n\n<div id=\"footable_parent_8212\"\n         class=\" footable_parent ninja_table_wrapper loading_ninja_table wp_table_data_press_parent semantic_ui colored_table\">\n                <table data-ninja_table_instance=\"ninja_table_instance_0\" data-footable_id=\"8212\" data-filter-delay=\"1000\" aria-label=\"Cerezo\"            id=\"footable_8212\"\n           data-unique_identifier=\"ninja_table_unique_id_1612858848_8212\"\n           class=\" foo-table ninja_footable foo_table_8212 ninja_table_unique_id_1612858848_8212 ui table  white nt_type_legacy_table selectable striped vertical_centered inverted footable-paging-right ninja_table_search_disabled ninja_table_pro\">\n                <colgroup>\n                            <col class=\"ninja_column_0 \">\n                            <col class=\"ninja_column_1 \">\n                            <col class=\"ninja_column_2 \">\n                    <\/colgroup>\n        <thead>\n<tr class=\"footable-header\">\n                                                        <th scope=\"col\"  class=\"ninja_column_0 ninja_clmn_nm_nombre_de_vivero \">Nombre de Vivero<\/th><th scope=\"col\"  class=\"ninja_column_1 ninja_clmn_nm_direccion \">Direcci\u00f3n<\/th><th scope=\"col\"  class=\"ninja_column_2 ninja_clmn_nm_contacto \">Contacto<\/th><\/tr>\n<\/thead>\n<tbody>\n\n        <tr data-row_id=\"700\" class=\"ninja_table_row_0 nt_row_id_700\">\n            <td>AGROMILLORA<\/td><td>San Gerardo Parcela No 17 Lote B,C,D,E,F,G Rio Claro - Maule - Chile<\/td><td><a href=\"https:\/\/viverosdechile.cl\/plantsfromchile\/agromillora\/\" class=\"button primary is-primary is-medium\"  >\n    <span>Contactar aqu\u00ed<\/span>\n  <\/a>\n<\/td>        <\/tr>\n            <tr data-row_id=\"701\" class=\"ninja_table_row_1 nt_row_id_701\">\n            <td>ANGOSTURA<\/td><td>Lomas de la Tercera sin n\u00famero, Longav\u00ed. Regi\u00f3n del Maule \u2013 Chile<\/td><td><a href=\"https:\/\/viverosdechile.cl\/plantsfromchile\/angostura\/\" class=\"button primary is-primary is-medium\"  >\n    <span>Contactar aqu\u00ed<\/span>\n  <\/a>\n<\/td>        <\/tr>\n            <tr data-row_id=\"702\" class=\"ninja_table_row_2 nt_row_id_702\">\n            <td>BESTPLANT<\/td><td>Parcela 15 Lotes B y C, Rincon de Sarmiento, Curico-Maule<\/td><td><a href=\"https:\/\/viverosdechile.cl\/plantsfromchile\/bestplant\/\" class=\"button primary is-primary is-medium\"  >\n    <span>Contactar aqu\u00ed<\/span>\n  <\/a>\n<\/td>        <\/tr>\n            <tr data-row_id=\"703\" class=\"ninja_table_row_3 nt_row_id_703\">\n            <td>BIOF\u00c1BRICA<\/td><td>Parcela 9 El Guindo Baracaldo - Comuna Mar\u00eda Pinto<\/td><td><a href=\"https:\/\/viverosdechile.cl\/plantsfromchile\/biofabrica\/\" class=\"button primary is-primary is-medium\"  >\n    <span>Contactar aqu\u00ed<\/span>\n  <\/a>\n<\/td>        <\/tr>\n            <tr data-row_id=\"704\" class=\"ninja_table_row_4 nt_row_id_704\">\n            <td>BUENOS AIRES<\/td><td>Km.3 Camino Angola Renaico - Araucani\u0301a - Chile<\/td><td><a href=\"https:\/\/viverosdechile.cl\/plantsfromchile\/buenos-aires\/\" class=\"button primary is-primary is-medium\"  >\n    <span>Contactar aqu\u00ed<\/span>\n  <\/a>\n<\/td>        <\/tr>\n            <tr data-row_id=\"705\" class=\"ninja_table_row_5 nt_row_id_705\">\n            <td>COPEQUE\u0301N<\/td><td>Camino Pu\u0301blico s\/n\u00b0 Copeque\u0301n - Comuna: Coinco - O`Higgins - Chile<\/td><td><a href=\"https:\/\/viverosdechile.cl\/plantsfromchile\/copequen\/\" class=\"button primary is-primary is-medium\"  >\n    <span>Contactar aqu\u00ed<\/span>\n  <\/a>\n<\/td>        <\/tr>\n            <tr data-row_id=\"706\" class=\"ninja_table_row_6 nt_row_id_706\">\n            <td>EL TAMBO<\/td><td>Parcela #83, El Tambo, comuna San Vicente, TT O'Higgins, Chile<\/td><td><a href=\"https:\/\/viverosdechile.cl\/plantsfromchile\/el-tambo\/\" class=\"button primary is-primary is-medium\"  >\n    <span>Contactar aqu\u00ed<\/span>\n  <\/a>\n<\/td>        <\/tr>\n            <tr data-row_id=\"707\" class=\"ninja_table_row_7 nt_row_id_707\">\n            <td>FUNDO EL SILO<\/td><td>Sector Cuadrapangue S\/N, San Carlos<\/td><td><a href=\"https:\/\/viverosdechile.cl\/plantsfromchile\/fundo-el-silo\/\" class=\"button primary is-primary is-medium\"  >\n    <span>Contactar aqu\u00ed<\/span>\n  <\/a>\n<\/td>        <\/tr>\n            <tr data-row_id=\"708\" class=\"ninja_table_row_8 nt_row_id_708\">\n            <td>GREENNOVA<\/td><td>Parcela 18-19. Ruta 68, Km.63, Casablanca, Valparaiso<\/td><td><a href=\"https:\/\/viverosdechile.cl\/plantsfromchile\/greennova\/\" class=\"button primary is-primary is-medium\"  >\n    <span>Contactar aqu\u00ed<\/span>\n  <\/a>\n<\/td>        <\/tr>\n            <tr data-row_id=\"709\" class=\"ninja_table_row_9 nt_row_id_709\">\n            <td>LIMACHE<\/td><td>Lo Chaparro s\/n, Limache, Valpara\u00edso, Chile<\/td><td><a href=\"https:\/\/viverosdechile.cl\/plantsfromchile\/vivero-limache\/\" class=\"button primary is-primary is-medium\"  >\n    <span>Contactar aqu\u00ed<\/span>\n  <\/a>\n<\/td>        <\/tr>\n            <tr data-row_id=\"710\" class=\"ninja_table_row_10 nt_row_id_710\">\n            <td>LOS OLMOS<\/td><td>La Orilla, Lote A-C, Chimbarongo - O`Higgins - Chile<\/td><td><a href=\"https:\/\/viverosdechile.cl\/plantsfromchile\/los-olmos\/\" class=\"button primary is-primary is-medium\"  >\n    <span>Contactar aqu\u00ed<\/span>\n  <\/a>\n<\/td>        <\/tr>\n            <tr data-row_id=\"711\" class=\"ninja_table_row_11 nt_row_id_711\">\n            <td>MONTEVECCHIO<\/td><td>La Macarena s\/n Parcela 23 Lote B<\/td><td><a href=\"https:\/\/viverosdechile.cl\/plantsfromchile\/montevecchio\/\" class=\"button primary is-primary is-medium\"  >\n    <span>Contactar aqu\u00ed<\/span>\n  <\/a>\n<\/td>        <\/tr>\n            <tr data-row_id=\"712\" class=\"ninja_table_row_12 nt_row_id_712\">\n            <td>NUEVA VID<\/td><td>Hermanos Carrera 1890, Panquehue, Comuna de Malloa - O`Higgins - Chile<\/td><td><a href=\"https:\/\/viverosdechile.cl\/plantsfromchile\/nueva-vid\/\" class=\"button primary is-primary is-medium\"  >\n    <span>Contactar aqu\u00ed<\/span>\n  <\/a>\n<\/td>        <\/tr>\n            <tr data-row_id=\"713\" class=\"ninja_table_row_13 nt_row_id_713\">\n            <td>PUNTO VERDE<\/td><td>Ruta 5 sur, km 488, Fundo Laguna Verde, Los \u00c1ngeles Chile.<\/td><td><a href=\"https:\/\/viverosdechile.cl\/plantsfromchile\/punto-verde\/\" class=\"button primary is-primary is-medium\"  >\n    <span>Contactar aqu\u00ed<\/span>\n  <\/a>\n<\/td>        <\/tr>\n            <tr data-row_id=\"714\" class=\"ninja_table_row_14 nt_row_id_714\">\n            <td>R&amp;S<\/td><td>Isla Marchant s\/n - Curic\u00f3 - Chile<\/td><td><a href=\"https:\/\/viverosdechile.cl\/plantsfromchile\/rys\/\" class=\"button primary is-primary is-medium\"  >\n    <span>Contactar aqu\u00ed<\/span>\n  <\/a>\n<\/td>        <\/tr>\n            <tr data-row_id=\"715\" class=\"ninja_table_row_15 nt_row_id_715\">\n            <td>RANCAGUA<\/td><td>Ruta 5 Sur 04000 - O`Higgins - Chile<\/td><td><a href=\"https:\/\/viverosdechile.cl\/plantsfromchile\/vivero-rancagua\/\" class=\"button primary is-primary is-medium\"  >\n    <span>Contactar aqu\u00ed<\/span>\n  <\/a>\n<\/td>        <\/tr>\n            <tr data-row_id=\"716\" class=\"ninja_table_row_16 nt_row_id_716\">\n            <td>REQUIAGRO<\/td><td>Ruta H 409 (camino antiguo Los lirios- Requ\u00ednoa), Cruce Las Mercedes, Requ\u00ednoa<\/td><td><a href=\"https:\/\/viverosdechile.cl\/plantsfromchile\/requiagro\/\" class=\"button primary is-primary is-medium\"  >\n    <span>Contactar aqu\u00ed<\/span>\n  <\/a>\n<\/td>        <\/tr>\n            <tr data-row_id=\"717\" class=\"ninja_table_row_17 nt_row_id_717\">\n            <td>REQUINOA<\/td><td>Rinc\u00f3n de Abra s\/n, Requinoa - O`Higgins - Chile<\/td><td><a href=\"https:\/\/viverosdechile.cl\/plantsfromchile\/requinoa\/\" class=\"button primary is-primary is-medium\"  >\n    <span>Contactar aqu\u00ed<\/span>\n  <\/a>\n<\/td>        <\/tr>\n            <tr data-row_id=\"718\" class=\"ninja_table_row_18 nt_row_id_718\">\n            <td>SYNERGIABIO<\/td><td>Camino Pangal km 2,2 Sector el Sauce, San Javier, Talca, Chile<\/td><td><a href=\"https:\/\/viverosdechile.cl\/plantsfromchile\/synergiabio\/\" class=\"button primary is-primary is-medium\"  >\n    <span>Contactar aqu\u00ed<\/span>\n  <\/a>\n<\/td>        <\/tr>\n            <tr data-row_id=\"719\" class=\"ninja_table_row_19 nt_row_id_719\">\n            <td>SUNNYRIDGE<\/td><td>Parcela 19 B Codigua, Melipilla - Metropolitana - Chile<\/td><td><a href=\"https:\/\/viverosdechile.cl\/plantsfromchile\/sunnyridge\/\" class=\"button primary is-primary is-medium\"  >\n    <span>Contactar aqu\u00ed<\/span>\n  <\/a>\n<\/td>        <\/tr>\n            <tr data-row_id=\"720\" class=\"ninja_table_row_20 nt_row_id_720\">\n            <td>TRUMAO VIVEROS<\/td><td>Camino a Itraque km. 4, Angol, Chile<\/td><td><a href=\"https:\/\/viverosdechile.cl\/plantsfromchile\/trumao-viveros\/\" class=\"button primary is-primary is-medium\"  >\n    <span>Contactar aqu\u00ed<\/span>\n  <\/a>\n<\/td>        <\/tr>\n            <tr data-row_id=\"721\" class=\"ninja_table_row_21 nt_row_id_721\">\n            <td>UNIVIVEROS<\/td><td>Avda. 18 de septiembre 6578, Paine - Metropolitana - Chile<\/td><td><a href=\"https:\/\/viverosdechile.cl\/plantsfromchile\/univiveros\/\" class=\"button primary is-primary is-medium\"  >\n    <span>Contactar aqu\u00ed<\/span>\n  <\/a>\n<\/td>        <\/tr>\n            <tr data-row_id=\"722\" class=\"ninja_table_row_22 nt_row_id_722\">\n            <td>VITROGROUP<\/td><td>Parcela 61 y 66 Las Mercedes<\/td><td><a href=\"https:\/\/viverosdechile.cl\/plantsfromchile\/vitrogroup-2\/\" class=\"button primary is-primary is-medium\"  >\n    <span>Contactar aqu\u00ed<\/span>\n  <\/a>\n<\/td>        <\/tr>\n            <tr data-row_id=\"723\" class=\"ninja_table_row_23 nt_row_id_723\">\n            <td>VITROMAULE<\/td><td>LT1-c DEL LT1 RESTO HJ B Guaico 2<\/td><td><a href=\"https:\/\/viverosdechile.cl\/plantsfromchile\/vitromaule\/\" class=\"button primary is-primary is-medium\"  >\n    <span>Contactar aqu\u00ed<\/span>\n  <\/a>\n<\/td>        <\/tr>\n            <tr data-row_id=\"724\" class=\"ninja_table_row_24 nt_row_id_724\">\n            <td>VIVE SUR<\/td><td>Andr\u00e9s Bello 318, Temuco<\/td><td><a href=\"https:\/\/viverosdechile.cl\/plantsfromchile\/vive-sur\/\" class=\"button primary is-primary is-medium\"  >\n    <span>Contactar aqu\u00ed<\/span>\n  <\/a>\n<\/td>        <\/tr>\n            <tr data-row_id=\"725\" class=\"ninja_table_row_25 nt_row_id_725\">\n            <td>VIVERO AGRODUAL<\/td><td>Vista Hermosa Alto Parcela 16 Proyecto Vi\u00f1a Paris<\/td><td><a href=\"https:\/\/viverosdechile.cl\/plantsfromchile\/agrodual\/\" class=\"button primary is-primary is-medium\"  >\n    <span>Contactar aqu\u00ed<\/span>\n  <\/a>\n<\/td>        <\/tr>\n            <tr data-row_id=\"726\" class=\"ninja_table_row_26 nt_row_id_726\">\n            <td>VIVERO BIOCRECE<\/td><td>Reserva 3 Lote 2 Quicharco<\/td><td><a href=\"https:\/\/viverosdechile.cl\/plantsfromchile\/biocrece\/\" class=\"button primary is-primary is-medium\"  >\n    <span>Contactar aqu\u00ed<\/span>\n  <\/a>\n<\/td>        <\/tr>\n            <tr data-row_id=\"727\" class=\"ninja_table_row_27 nt_row_id_727\">\n            <td>VIVERO QUECHEREGUAS CEREZOS CHILE<\/td><td><\/td><td><a href=\"https:\/\/viverosdechile.cl\/plantsfromchile\/vivero-quechereguas-cerezos-chile\/\" class=\"button primary is-primary is-medium\"  >\n    <span>Contactar aqu\u00ed<\/span>\n  <\/a>\n<\/td>        <\/tr>\n            <tr data-row_id=\"728\" class=\"ninja_table_row_28 nt_row_id_728\">\n            <td>VIVEROS AFLORA PLANTS<\/td><td>Av. Rauquen Villa Cristo Rey 36 Sarmiento Curic\u00f3<\/td><td><a href=\"https:\/\/viverosdechile.cl\/plantsfromchile\/aflora-plants\/\" class=\"button primary is-primary is-medium\"  >\n    <span>Contactar aqu\u00ed<\/span>\n  <\/a>\n<\/td>        <\/tr>\n            <tr data-row_id=\"729\" class=\"ninja_table_row_29 nt_row_id_729\">\n            <td>VIVEROS CONVENTO VIEJO<\/td><td>Colonia quinta parcela 5, localidad de Teno<\/td><td><a href=\"https:\/\/viverosdechile.cl\/plantsfromchile\/convento-viejo\/\" class=\"button primary is-primary is-medium\"  >\n    <span>Contactar aqu\u00ed<\/span>\n  <\/a>\n<\/td>        <\/tr>\n    <\/tbody><!--ninja_tobody_rendering_done-->\n    <\/table>\n    \n    \n    \n<\/div>\n\n\n\t\t<\/div>\n\t\t\n<style>\n#col-51867248 > .col-inner {\n  margin: 0px 0px -29px 0px;\n}\n<\/style>\n\t<\/div>\n\n\t\n\n<\/div>\n\n\t\t<\/div>\n\n\t\t\n<style>\n#section_1236746420 {\n  padding-top: 30px;\n  padding-bottom: 30px;\n}\n<\/style>\n\t<\/section>\n\t\n\n","protected":false},"excerpt":{"rendered":"","protected":false},"author":11,"featured_media":0,"parent":0,"menu_order":0,"comment_status":"closed","ping_status":"closed","template":"page-blank.php","meta":{"footnotes":""},"class_list":["post-8214","page","type-page","status-publish","hentry"],"_links":{"self":[{"href":"https:\/\/viverosdechile.cl\/plantsfromchile\/wp-json\/wp\/v2\/pages\/8214","targetHints":{"allow":["GET"]}}],"collection":[{"href":"https:\/\/viverosdechile.cl\/plantsfromchile\/wp-json\/wp\/v2\/pages"}],"about":[{"href":"https:\/\/viverosdechile.cl\/plantsfromchile\/wp-json\/wp\/v2\/types\/page"}],"author":[{"embeddable":true,"href":"https:\/\/viverosdechile.cl\/plantsfromchile\/wp-json\/wp\/v2\/users\/11"}],"replies":[{"embeddable":true,"href":"https:\/\/viverosdechile.cl\/plantsfromchile\/wp-json\/wp\/v2\/comments?post=8214"}],"version-history":[{"count":3,"href":"https:\/\/viverosdechile.cl\/plantsfromchile\/wp-json\/wp\/v2\/pages\/8214\/revisions"}],"predecessor-version":[{"id":8459,"href":"https:\/\/viverosdechile.cl\/plantsfromchile\/wp-json\/wp\/v2\/pages\/8214\/revisions\/8459"}],"wp:attachment":[{"href":"https:\/\/viverosdechile.cl\/plantsfromchile\/wp-json\/wp\/v2\/media?parent=8214"}],"curies":[{"name":"wp","href":"https:\/\/api.w.org\/{rel}","templated":true}]}}